{"id":1498,"date":"2024-07-03T16:54:02","date_gmt":"2024-07-03T14:54:02","guid":{"rendered":"https:\/\/dorf-archi.fr\/?page_id=1498"},"modified":"2025-02-25T15:20:36","modified_gmt":"2025-02-25T14:20:36","slug":"ingwiller","status":"publish","type":"page","link":"https:\/\/dorf-archi.fr\/index.php\/ingwiller\/","title":{"rendered":"06-PROJET_INGWILLER"},"content":{"rendered":"\t\t<div data-elementor-type=\"wp-page\" data-elementor-id=\"1498\" class=\"elementor elementor-1498\">\n\t\t\t\t\t\t<section class=\"elementor-section elementor-top-section elementor-element elementor-element-83f7c95 elementor-section-boxed elementor-section-height-default elementor-section-height-default\" data-id=\"83f7c95\" data-element_type=\"section\" data-e-type=\"section\">\n\t\t\t\t\t\t<div class=\"elementor-container elementor-column-gap-default\">\n\t\t\t\t\t<div class=\"elementor-column elementor-col-100 elementor-top-column elementor-element elementor-element-4c6ca70\" data-id=\"4c6ca70\" data-element_type=\"column\" data-e-type=\"column\">\n\t\t\t<div class=\"elementor-widget-wrap elementor-element-populated\">\n\t\t\t\t\t\t<div class=\"elementor-element elementor-element-fe274dd elementor-widget elementor-widget-heading\" data-id=\"fe274dd\" data-element_type=\"widget\" data-e-type=\"widget\" data-widget_type=\"heading.default\">\n\t\t\t\t<div class=\"elementor-widget-container\">\n\t\t\t\t\t<h5 class=\"elementor-heading-title elementor-size-large\">A-VENIR<\/h5>\t\t\t\t<\/div>\n\t\t\t\t<\/div>\n\t\t\t\t\t<\/div>\n\t\t<\/div>\n\t\t\t\t\t<\/div>\n\t\t<\/section>\n\t\t\t\t<section class=\"elementor-section elementor-top-section elementor-element elementor-element-84ffc7a elementor-section-boxed elementor-section-height-default elementor-section-height-default\" data-id=\"84ffc7a\" data-element_type=\"section\" data-e-type=\"section\">\n\t\t\t\t\t\t<div class=\"elementor-container elementor-column-gap-default\">\n\t\t\t\t\t<div class=\"elementor-column elementor-col-100 elementor-top-column elementor-element elementor-element-ee7a904\" data-id=\"ee7a904\" data-element_type=\"column\" data-e-type=\"column\">\n\t\t\t<div class=\"elementor-widget-wrap elementor-element-populated\">\n\t\t\t\t\t\t<div class=\"elementor-element elementor-element-b79172e elementor-widget elementor-widget-html\" data-id=\"b79172e\" data-element_type=\"widget\" data-e-type=\"widget\" data-widget_type=\"html.default\">\n\t\t\t\t<div class=\"elementor-widget-container\">\n\t\t\t\t\t<script> \r\n\tjQuery(document).ready(function($) { \r\n\tvar delay = 100; setTimeout(function() { \r\n\t$('.elementor-tab-title').removeClass('elementor-active');\r\n\t$('.elementor-tab-content').css('display', 'none'); }, delay); \r\n\t}); \r\n<\/script>\t\t\t\t<\/div>\n\t\t\t\t<\/div>\n\t\t\t\t\t<\/div>\n\t\t<\/div>\n\t\t\t\t\t<\/div>\n\t\t<\/section>\n\t\t\t\t<section class=\"elementor-section elementor-top-section elementor-element elementor-element-03ec5c4 elementor-section-boxed elementor-section-height-default elementor-section-height-default\" data-id=\"03ec5c4\" data-element_type=\"section\" data-e-type=\"section\">\n\t\t\t\t\t\t<div class=\"elementor-container elementor-column-gap-default\">\n\t\t\t\t\t<div class=\"elementor-column elementor-col-100 elementor-top-column elementor-element elementor-element-dcf5026\" data-id=\"dcf5026\" data-element_type=\"column\" data-e-type=\"column\">\n\t\t\t<div class=\"elementor-widget-wrap elementor-element-populated\">\n\t\t\t\t\t\t<div class=\"elementor-element elementor-element-89b0505 elementor-widget__width-initial elementor-widget-mobile__width-initial elementor-widget elementor-widget-accordion\" data-id=\"89b0505\" data-element_type=\"widget\" data-e-type=\"widget\" data-widget_type=\"accordion.default\">\n\t\t\t\t<div class=\"elementor-widget-container\">\n\t\t\t\t\t\t\t<div class=\"elementor-accordion\">\n\t\t\t\t\t\t\t<div class=\"elementor-accordion-item\">\n\t\t\t\t\t<div id=\"elementor-tab-title-1441\" class=\"elementor-tab-title\" data-tab=\"1\" role=\"button\" aria-controls=\"elementor-tab-content-1441\" aria-expanded=\"false\">\n\t\t\t\t\t\t\t\t\t\t\t\t\t<span class=\"elementor-accordion-icon elementor-accordion-icon-left\" aria-hidden=\"true\">\n\t\t\t\t\t\t\t\t\t\t\t\t\t\t\t<span class=\"elementor-accordion-icon-closed\"><i class=\"fas fa-plus\"><\/i><\/span>\n\t\t\t\t\t\t\t\t<span class=\"elementor-accordion-icon-opened\"><i class=\"fas fa-minus\"><\/i><\/span>\n\t\t\t\t\t\t\t\t\t\t\t\t\t\t<\/span>\n\t\t\t\t\t\t\t\t\t\t\t\t<a class=\"elementor-accordion-title\" tabindex=\"0\"><\/a>\n\t\t\t\t\t<\/div>\n\t\t\t\t\t<div id=\"elementor-tab-content-1441\" class=\"elementor-tab-content elementor-clearfix\" data-tab=\"1\" role=\"region\" aria-labelledby=\"elementor-tab-title-1441\"><p style=\"text-align: left;\"><span style=\"font-size: 14px;\"><span style=\"color: #6986af;\"><strong>Type :<\/strong><\/span> R\u00e9habilitation d&rsquo;un immeuble en centre historique pour l&rsquo;am\u00e9nagement de bureaux, d&rsquo;un restaurant et de logements<\/span><\/p><p style=\"text-align: left;\"><span style=\"font-size: 14px;\"><span style=\"color: #6986af;\"><strong>Lieu :<\/strong><\/span> Ingwiller (67)<\/span><\/p><p style=\"text-align: left;\"><span style=\"font-size: 14px;\"><span style=\"color: #6986af;\"><strong>Ma\u00eetre d&rsquo;Ouvrage :<\/strong><\/span> Priv\u00e9e<\/span><\/p><p style=\"text-align: left;\"><span style=\"font-size: 14px;\"><span style=\"color: #6986af;\"><strong>Co-traitants :<\/strong><\/span> BA2C Structure<\/span><\/p><p style=\"text-align: left;\"><span style=\"font-size: 14px;\"><span style=\"color: #6986af;\"><strong>Surfaces :<\/strong><\/span> 630 m\u00b2<\/span><\/p><p style=\"text-align: left;\"><span style=\"font-size: 14px;\"><span style=\"color: #6986af;\"><strong>Statut :<\/strong><\/span> Etudes en cours<\/span><\/p><p style=\"text-align: left;\"><span style=\"font-size: 14px;\"><span style=\"color: #6986af;\"><strong>Caract\u00e9ristiques :<\/strong><\/span>\u00a0Restructuration lourde, ERP, secteur patrimonial<\/span><\/p><p style=\"text-align: left;\"><span style=\"font-size: 14px;\"><span style=\"color: #6986af;\"><strong>Images :<\/strong><\/span> dorf, atelier d&rsquo;architecture \u00a9<\/span><\/p><p style=\"text-align: left;\"><span style=\"font-size: 14px;\"><strong style=\"color: #6986af; letter-spacing: 0px;\">\u00a0<\/strong><\/span><\/p><p style=\"text-align: left;\"><span style=\"font-size: 14px;\"><strong style=\"color: #6986af; letter-spacing: 0px;\">Un b\u00e2timent, des nouvelles vies<\/strong><\/span><\/p><p style=\"text-align: justify;\"><span style=\"font-size: 14px;\">dorf est tr\u00e8s heureux de partager avec vous le d\u00e9marrage des \u00e9tudes pour la r\u00e9habilitation et la transformation d&rsquo;un immeuble en centre historique d&rsquo;Ingwiller.<\/span><\/p><p style=\"text-align: justify;\"><span style=\"font-size: 14px;\">Le b\u00e2timent est aujourd&rsquo;hui vacant de toute occupation et risque une d\u00e9t\u00e9rioration acc\u00e9l\u00e9r\u00e9e, laiss\u00e9 aux seuls al\u00e9as climatiques. Bien qu&rsquo;il participe \u00e0 construire l&rsquo;image de la ville et \u00e0 son tissu vernaculaire, il ne correspond plus, en l&rsquo;\u00e9tat, \u00e0 l&rsquo;usage et aux souhaits de la soci\u00e9t\u00e9 qui semble d\u00e9laisser les centres des villes moyennes au profit des p\u00e9riph\u00e9ries.<\/span><\/p><p style=\"text-align: justify;\"><span style=\"font-size: 14px;\">En accompagnant notre client dans cette r\u00e9habilitation, nous souhaitons lutter contre cette destin\u00e9e et travailler \u00e0 la transformation de notre patrimoine commun pour qu&rsquo;il retrouve toute sa place dans notre \u00e9poque contemporaine.<\/span><\/p><p style=\"text-align: justify;\"><span style=\"font-size: 14px; text-align: left; color: var( --e-global-color-text ); letter-spacing: 0px;\">Au travail !<\/span><\/p><p style=\"text-align: left;\"><span style=\"font-size: 14px; color: var( --e-global-color-text ); letter-spacing: 0px;\">Plus d&rsquo;infos \u00e0 venir.<\/span><\/p><\/div>\n\t\t\t\t<\/div>\n\t\t\t\t\t\t\t\t<\/div>\n\t\t\t\t\t\t<\/div>\n\t\t\t\t<\/div>\n\t\t\t\t\t<\/div>\n\t\t<\/div>\n\t\t\t\t\t<\/div>\n\t\t<\/section>\n\t\t\t\t<section class=\"elementor-section elementor-top-section elementor-element elementor-element-a19bfce elementor-section-boxed elementor-section-height-default elementor-section-height-default\" data-id=\"a19bfce\" data-element_type=\"section\" data-e-type=\"section\">\n\t\t\t\t\t\t<div class=\"elementor-container elementor-column-gap-default\">\n\t\t\t\t\t<div class=\"elementor-column elementor-col-100 elementor-top-column elementor-element elementor-element-3e21a25\" data-id=\"3e21a25\" data-element_type=\"column\" data-e-type=\"column\">\n\t\t\t<div class=\"elementor-widget-wrap elementor-element-populated\">\n\t\t\t\t\t\t<div class=\"elementor-element elementor-element-0c5f898 elementor-widget elementor-widget-spacer\" data-id=\"0c5f898\" data-element_type=\"widget\" data-e-type=\"widget\" data-widget_type=\"spacer.default\">\n\t\t\t\t<div class=\"elementor-widget-container\">\n\t\t\t\t\t\t\t<div class=\"elementor-spacer\">\n\t\t\t<div class=\"elementor-spacer-inner\"><\/div>\n\t\t<\/div>\n\t\t\t\t\t\t<\/div>\n\t\t\t\t<\/div>\n\t\t\t\t<div class=\"elementor-element elementor-element-cac2a66 elementor-widget__width-initial elementor-widget-mobile__width-initial elementor-widget elementor-widget-image\" data-id=\"cac2a66\" data-element_type=\"widget\" data-e-type=\"widget\" data-widget_type=\"image.default\">\n\t\t\t\t<div class=\"elementor-widget-container\">\n\t\t\t\t\t\t\t\t\t\t\t\t\t\t\t<img fetchpriority=\"high\" decoding=\"async\" width=\"1024\" height=\"953\" src=\"https:\/\/dorf-archi.fr\/wp-content\/uploads\/2024\/07\/Schema-site-1024x953.jpg\" class=\"attachment-large size-large wp-image-1525\" alt=\"\" srcset=\"https:\/\/dorf-archi.fr\/wp-content\/uploads\/2024\/07\/Schema-site-1024x953.jpg 1024w, https:\/\/dorf-archi.fr\/wp-content\/uploads\/2024\/07\/Schema-site-300x279.jpg 300w, https:\/\/dorf-archi.fr\/wp-content\/uploads\/2024\/07\/Schema-site-768x715.jpg 768w, https:\/\/dorf-archi.fr\/wp-content\/uploads\/2024\/07\/Schema-site-1536x1429.jpg 1536w, https:\/\/dorf-archi.fr\/wp-content\/uploads\/2024\/07\/Schema-site.jpg 1553w\" sizes=\"(max-width: 1024px) 100vw, 1024px\" \/>\t\t\t\t\t\t\t\t\t\t\t\t\t\t\t<\/div>\n\t\t\t\t<\/div>\n\t\t\t\t\t<\/div>\n\t\t<\/div>\n\t\t\t\t\t<\/div>\n\t\t<\/section>\n\t\t\t\t<section class=\"elementor-section elementor-top-section elementor-element elementor-element-29e88f9 elementor-section-boxed elementor-section-height-default elementor-section-height-default\" data-id=\"29e88f9\" data-element_type=\"section\" data-e-type=\"section\">\n\t\t\t\t\t\t<div class=\"elementor-container elementor-column-gap-default\">\n\t\t\t\t\t<div class=\"elementor-column elementor-col-100 elementor-top-column elementor-element elementor-element-bb0e47f\" data-id=\"bb0e47f\" data-element_type=\"column\" data-e-type=\"column\">\n\t\t\t<div class=\"elementor-widget-wrap elementor-element-populated\">\n\t\t\t\t\t\t<div class=\"elementor-element elementor-element-13e93dc elementor-widget elementor-widget-spacer\" data-id=\"13e93dc\" data-element_type=\"widget\" data-e-type=\"widget\" data-widget_type=\"spacer.default\">\n\t\t\t\t<div class=\"elementor-widget-container\">\n\t\t\t\t\t\t\t<div class=\"elementor-spacer\">\n\t\t\t<div class=\"elementor-spacer-inner\"><\/div>\n\t\t<\/div>\n\t\t\t\t\t\t<\/div>\n\t\t\t\t<\/div>\n\t\t\t\t\t<\/div>\n\t\t<\/div>\n\t\t\t\t\t<\/div>\n\t\t<\/section>\n\t\t\t\t<section class=\"elementor-section elementor-top-section elementor-element elementor-element-bb0f855 elementor-section-boxed elementor-section-height-default elementor-section-height-default\" data-id=\"bb0f855\" data-element_type=\"section\" data-e-type=\"section\">\n\t\t\t\t\t\t<div class=\"elementor-container elementor-column-gap-default\">\n\t\t\t\t\t<div class=\"elementor-column elementor-col-50 elementor-top-column elementor-element elementor-element-3966831\" data-id=\"3966831\" data-element_type=\"column\" data-e-type=\"column\">\n\t\t\t<div class=\"elementor-widget-wrap elementor-element-populated\">\n\t\t\t\t\t\t<div class=\"elementor-element elementor-element-da0193a elementor-widget elementor-widget-image\" data-id=\"da0193a\" data-element_type=\"widget\" data-e-type=\"widget\" data-widget_type=\"image.default\">\n\t\t\t\t<div class=\"elementor-widget-container\">\n\t\t\t\t\t\t\t\t\t\t\t\t\t\t\t<img decoding=\"async\" width=\"1024\" height=\"937\" src=\"https:\/\/dorf-archi.fr\/wp-content\/uploads\/2024\/07\/Exterieur-1024x937.jpg\" class=\"attachment-large size-large wp-image-1513\" alt=\"\" srcset=\"https:\/\/dorf-archi.fr\/wp-content\/uploads\/2024\/07\/Exterieur-1024x937.jpg 1024w, https:\/\/dorf-archi.fr\/wp-content\/uploads\/2024\/07\/Exterieur-300x275.jpg 300w, https:\/\/dorf-archi.fr\/wp-content\/uploads\/2024\/07\/Exterieur-768x703.jpg 768w, https:\/\/dorf-archi.fr\/wp-content\/uploads\/2024\/07\/Exterieur-1536x1406.jpg 1536w, https:\/\/dorf-archi.fr\/wp-content\/uploads\/2024\/07\/Exterieur-2048x1875.jpg 2048w\" sizes=\"(max-width: 1024px) 100vw, 1024px\" \/>\t\t\t\t\t\t\t\t\t\t\t\t\t\t\t<\/div>\n\t\t\t\t<\/div>\n\t\t\t\t\t<\/div>\n\t\t<\/div>\n\t\t\t\t<div class=\"elementor-column elementor-col-50 elementor-top-column elementor-element elementor-element-7282bc0\" data-id=\"7282bc0\" data-element_type=\"column\" data-e-type=\"column\">\n\t\t\t<div class=\"elementor-widget-wrap elementor-element-populated\">\n\t\t\t\t\t\t<div class=\"elementor-element elementor-element-33dba3d elementor-widget elementor-widget-image\" data-id=\"33dba3d\" data-element_type=\"widget\" data-e-type=\"widget\" data-widget_type=\"image.default\">\n\t\t\t\t<div class=\"elementor-widget-container\">\n\t\t\t\t\t\t\t\t\t\t\t\t\t\t\t<img decoding=\"async\" width=\"768\" height=\"1024\" src=\"https:\/\/dorf-archi.fr\/wp-content\/uploads\/2024\/07\/Rempart-768x1024.jpg\" class=\"attachment-large size-large wp-image-1515\" alt=\"\" srcset=\"https:\/\/dorf-archi.fr\/wp-content\/uploads\/2024\/07\/Rempart-768x1024.jpg 768w, https:\/\/dorf-archi.fr\/wp-content\/uploads\/2024\/07\/Rempart-225x300.jpg 225w, https:\/\/dorf-archi.fr\/wp-content\/uploads\/2024\/07\/Rempart-1152x1536.jpg 1152w, https:\/\/dorf-archi.fr\/wp-content\/uploads\/2024\/07\/Rempart-1536x2048.jpg 1536w, https:\/\/dorf-archi.fr\/wp-content\/uploads\/2024\/07\/Rempart.jpg 1650w\" sizes=\"(max-width: 768px) 100vw, 768px\" \/>\t\t\t\t\t\t\t\t\t\t\t\t\t\t\t<\/div>\n\t\t\t\t<\/div>\n\t\t\t\t\t<\/div>\n\t\t<\/div>\n\t\t\t\t\t<\/div>\n\t\t<\/section>\n\t\t\t\t<section class=\"elementor-section elementor-top-section elementor-element elementor-element-3811741 elementor-section-boxed elementor-section-height-default elementor-section-height-default\" data-id=\"3811741\" data-element_type=\"section\" data-e-type=\"section\">\n\t\t\t\t\t\t<div class=\"elementor-container elementor-column-gap-default\">\n\t\t\t\t\t<div class=\"elementor-column elementor-col-50 elementor-top-column elementor-element elementor-element-b38ffea\" data-id=\"b38ffea\" data-element_type=\"column\" data-e-type=\"column\">\n\t\t\t<div class=\"elementor-widget-wrap elementor-element-populated\">\n\t\t\t\t\t\t<div class=\"elementor-element elementor-element-95bfc6a elementor-widget elementor-widget-image\" data-id=\"95bfc6a\" data-element_type=\"widget\" data-e-type=\"widget\" data-widget_type=\"image.default\">\n\t\t\t\t<div class=\"elementor-widget-container\">\n\t\t\t\t\t\t\t\t\t\t\t\t\t\t\t<img loading=\"lazy\" decoding=\"async\" width=\"768\" height=\"1024\" src=\"https:\/\/dorf-archi.fr\/wp-content\/uploads\/2024\/07\/Plancher-768x1024.jpg\" class=\"attachment-large size-large wp-image-1514\" alt=\"\" srcset=\"https:\/\/dorf-archi.fr\/wp-content\/uploads\/2024\/07\/Plancher-768x1024.jpg 768w, https:\/\/dorf-archi.fr\/wp-content\/uploads\/2024\/07\/Plancher-225x300.jpg 225w, https:\/\/dorf-archi.fr\/wp-content\/uploads\/2024\/07\/Plancher-1152x1536.jpg 1152w, https:\/\/dorf-archi.fr\/wp-content\/uploads\/2024\/07\/Plancher-1536x2048.jpg 1536w, https:\/\/dorf-archi.fr\/wp-content\/uploads\/2024\/07\/Plancher.jpg 1650w\" sizes=\"(max-width: 768px) 100vw, 768px\" \/>\t\t\t\t\t\t\t\t\t\t\t\t\t\t\t<\/div>\n\t\t\t\t<\/div>\n\t\t\t\t\t<\/div>\n\t\t<\/div>\n\t\t\t\t<div class=\"elementor-column elementor-col-50 elementor-top-column elementor-element elementor-element-f736e89\" data-id=\"f736e89\" data-element_type=\"column\" data-e-type=\"column\">\n\t\t\t<div class=\"elementor-widget-wrap elementor-element-populated\">\n\t\t\t\t\t\t<div class=\"elementor-element elementor-element-f5ff11d elementor-widget elementor-widget-image\" data-id=\"f5ff11d\" data-element_type=\"widget\" data-e-type=\"widget\" data-widget_type=\"image.default\">\n\t\t\t\t<div class=\"elementor-widget-container\">\n\t\t\t\t\t\t\t\t\t\t\t\t\t\t\t<img loading=\"lazy\" decoding=\"async\" width=\"768\" height=\"1024\" src=\"https:\/\/dorf-archi.fr\/wp-content\/uploads\/2024\/07\/Revetements-768x1024.jpg\" class=\"attachment-large size-large wp-image-1516\" alt=\"\" srcset=\"https:\/\/dorf-archi.fr\/wp-content\/uploads\/2024\/07\/Revetements-768x1024.jpg 768w, https:\/\/dorf-archi.fr\/wp-content\/uploads\/2024\/07\/Revetements-225x300.jpg 225w, https:\/\/dorf-archi.fr\/wp-content\/uploads\/2024\/07\/Revetements-1152x1536.jpg 1152w, https:\/\/dorf-archi.fr\/wp-content\/uploads\/2024\/07\/Revetements.jpg 1512w\" sizes=\"(max-width: 768px) 100vw, 768px\" \/>\t\t\t\t\t\t\t\t\t\t\t\t\t\t\t<\/div>\n\t\t\t\t<\/div>\n\t\t\t\t\t<\/div>\n\t\t<\/div>\n\t\t\t\t\t<\/div>\n\t\t<\/section>\n\t\t\t\t<section class=\"elementor-section elementor-top-section elementor-element elementor-element-6bb41f9 elementor-section-boxed elementor-section-height-default elementor-section-height-default\" data-id=\"6bb41f9\" data-element_type=\"section\" data-e-type=\"section\">\n\t\t\t\t\t\t<div class=\"elementor-container elementor-column-gap-default\">\n\t\t\t\t\t<div class=\"elementor-column elementor-col-50 elementor-top-column elementor-element elementor-element-5e89b18\" data-id=\"5e89b18\" data-element_type=\"column\" data-e-type=\"column\">\n\t\t\t<div class=\"elementor-widget-wrap elementor-element-populated\">\n\t\t\t\t\t\t<div class=\"elementor-element elementor-element-6d0a436 elementor-widget elementor-widget-image\" data-id=\"6d0a436\" data-element_type=\"widget\" data-e-type=\"widget\" data-widget_type=\"image.default\">\n\t\t\t\t<div class=\"elementor-widget-container\">\n\t\t\t\t\t\t\t\t\t\t\t\t\t\t\t<img loading=\"lazy\" decoding=\"async\" width=\"822\" height=\"1024\" src=\"https:\/\/dorf-archi.fr\/wp-content\/uploads\/2024\/07\/Vue-822x1024.jpg\" class=\"attachment-large size-large wp-image-1517\" alt=\"\" srcset=\"https:\/\/dorf-archi.fr\/wp-content\/uploads\/2024\/07\/Vue-822x1024.jpg 822w, https:\/\/dorf-archi.fr\/wp-content\/uploads\/2024\/07\/Vue-241x300.jpg 241w, https:\/\/dorf-archi.fr\/wp-content\/uploads\/2024\/07\/Vue-768x957.jpg 768w, https:\/\/dorf-archi.fr\/wp-content\/uploads\/2024\/07\/Vue-1232x1536.jpg 1232w, https:\/\/dorf-archi.fr\/wp-content\/uploads\/2024\/07\/Vue-1643x2048.jpg 1643w, https:\/\/dorf-archi.fr\/wp-content\/uploads\/2024\/07\/Vue.jpg 1814w\" sizes=\"(max-width: 822px) 100vw, 822px\" \/>\t\t\t\t\t\t\t\t\t\t\t\t\t\t\t<\/div>\n\t\t\t\t<\/div>\n\t\t\t\t\t<\/div>\n\t\t<\/div>\n\t\t\t\t<div class=\"elementor-column elementor-col-50 elementor-top-column elementor-element elementor-element-f70dade\" data-id=\"f70dade\" data-element_type=\"column\" data-e-type=\"column\">\n\t\t\t<div class=\"elementor-widget-wrap elementor-element-populated\">\n\t\t\t\t\t\t<div class=\"elementor-element elementor-element-9ea3f51 elementor-widget elementor-widget-image\" data-id=\"9ea3f51\" data-element_type=\"widget\" data-e-type=\"widget\" data-widget_type=\"image.default\">\n\t\t\t\t<div class=\"elementor-widget-container\">\n\t\t\t\t\t\t\t\t\t\t\t\t\t\t\t<img loading=\"lazy\" decoding=\"async\" width=\"1024\" height=\"768\" src=\"https:\/\/dorf-archi.fr\/wp-content\/uploads\/2024\/07\/Charpente-1024x768.jpg\" class=\"attachment-large size-large wp-image-1512\" alt=\"\" srcset=\"https:\/\/dorf-archi.fr\/wp-content\/uploads\/2024\/07\/Charpente-1024x768.jpg 1024w, https:\/\/dorf-archi.fr\/wp-content\/uploads\/2024\/07\/Charpente-300x225.jpg 300w, https:\/\/dorf-archi.fr\/wp-content\/uploads\/2024\/07\/Charpente-768x576.jpg 768w, https:\/\/dorf-archi.fr\/wp-content\/uploads\/2024\/07\/Charpente-1536x1152.jpg 1536w, https:\/\/dorf-archi.fr\/wp-content\/uploads\/2024\/07\/Charpente-2048x1536.jpg 2048w\" sizes=\"(max-width: 1024px) 100vw, 1024px\" \/>\t\t\t\t\t\t\t\t\t\t\t\t\t\t\t<\/div>\n\t\t\t\t<\/div>\n\t\t\t\t\t<\/div>\n\t\t<\/div>\n\t\t\t\t\t<\/div>\n\t\t<\/section>\n\t\t\t\t<\/div>\n\t\t","protected":false},"excerpt":{"rendered":"<p>A-VENIR Type : R\u00e9habilitation d&rsquo;un immeuble en centre historique pour l&rsquo;am\u00e9nagement de bureaux, d&rsquo;un restaurant et de logements Lieu : Ingwiller (67) Ma\u00eetre d&rsquo;Ouvrage : Priv\u00e9e Co-traitants : BA2C Structure Surfaces : 630 m\u00b2 Statut : Etudes en cours Caract\u00e9ristiques :\u00a0Restructuration lourde, ERP, secteur patrimonial Images : dorf, atelier d&rsquo;architecture \u00a9 \u00a0 Un b\u00e2timent, des [&hellip;]<\/p>\n","protected":false},"author":1,"featured_media":0,"parent":0,"menu_order":0,"comment_status":"closed","ping_status":"closed","template":"","meta":{"ocean_post_layout":"","ocean_both_sidebars_style":"","ocean_both_sidebars_content_width":0,"ocean_both_sidebars_sidebars_width":0,"ocean_sidebar":"","ocean_second_sidebar":"","ocean_disable_margins":"enable","ocean_add_body_class":"","ocean_shortcode_before_top_bar":"","ocean_shortcode_after_top_bar":"","ocean_shortcode_before_header":"","ocean_shortcode_after_header":"","ocean_has_shortcode":"","ocean_shortcode_after_title":"","ocean_shortcode_before_footer_widgets":"","ocean_shortcode_after_footer_widgets":"","ocean_shortcode_before_footer_bottom":"","ocean_shortcode_after_footer_bottom":"","ocean_display_top_bar":"default","ocean_display_header":"default","ocean_header_style":"","ocean_center_header_left_menu":"","ocean_custom_header_template":"","ocean_custom_logo":0,"ocean_custom_retina_logo":0,"ocean_custom_logo_max_width":0,"ocean_custom_logo_tablet_max_width":0,"ocean_custom_logo_mobile_max_width":0,"ocean_custom_logo_max_height":0,"ocean_custom_logo_tablet_max_height":0,"ocean_custom_logo_mobile_max_height":0,"ocean_header_custom_menu":"","ocean_menu_typo_font_family":"","ocean_menu_typo_font_subset":"","ocean_menu_typo_font_size":0,"ocean_menu_typo_font_size_tablet":0,"ocean_menu_typo_font_size_mobile":0,"ocean_menu_typo_font_size_unit":"px","ocean_menu_typo_font_weight":"","ocean_menu_typo_font_weight_tablet":"","ocean_menu_typo_font_weight_mobile":"","ocean_menu_typo_transform":"","ocean_menu_typo_transform_tablet":"","ocean_menu_typo_transform_mobile":"","ocean_menu_typo_line_height":0,"ocean_menu_typo_line_height_tablet":0,"ocean_menu_typo_line_height_mobile":0,"ocean_menu_typo_line_height_unit":"","ocean_menu_typo_spacing":0,"ocean_menu_typo_spacing_tablet":0,"ocean_menu_typo_spacing_mobile":0,"ocean_menu_typo_spacing_unit":"","ocean_menu_link_color":"","ocean_menu_link_color_hover":"","ocean_menu_link_color_active":"","ocean_menu_link_background":"","ocean_menu_link_hover_background":"","ocean_menu_link_active_background":"","ocean_menu_social_links_bg":"","ocean_menu_social_hover_links_bg":"","ocean_menu_social_links_color":"","ocean_menu_social_hover_links_color":"","ocean_disable_title":"default","ocean_disable_heading":"default","ocean_post_title":"","ocean_post_subheading":"","ocean_post_title_style":"","ocean_post_title_background_color":"","ocean_post_title_background":0,"ocean_post_title_bg_image_position":"","ocean_post_title_bg_image_attachment":"","ocean_post_title_bg_image_repeat":"","ocean_post_title_bg_image_size":"","ocean_post_title_height":0,"ocean_post_title_bg_overlay":0.5,"ocean_post_title_bg_overlay_color":"","ocean_disable_breadcrumbs":"default","ocean_breadcrumbs_color":"","ocean_breadcrumbs_separator_color":"","ocean_breadcrumbs_links_color":"","ocean_breadcrumbs_links_hover_color":"","ocean_display_footer_widgets":"default","ocean_display_footer_bottom":"default","ocean_custom_footer_template":"","footnotes":""},"class_list":["post-1498","page","type-page","status-publish","hentry","entry"],"_links":{"self":[{"href":"https:\/\/dorf-archi.fr\/index.php\/wp-json\/wp\/v2\/pages\/1498","targetHints":{"allow":["GET"]}}],"collection":[{"href":"https:\/\/dorf-archi.fr\/index.php\/wp-json\/wp\/v2\/pages"}],"about":[{"href":"https:\/\/dorf-archi.fr\/index.php\/wp-json\/wp\/v2\/types\/page"}],"author":[{"embeddable":true,"href":"https:\/\/dorf-archi.fr\/index.php\/wp-json\/wp\/v2\/users\/1"}],"replies":[{"embeddable":true,"href":"https:\/\/dorf-archi.fr\/index.php\/wp-json\/wp\/v2\/comments?post=1498"}],"version-history":[{"count":62,"href":"https:\/\/dorf-archi.fr\/index.php\/wp-json\/wp\/v2\/pages\/1498\/revisions"}],"predecessor-version":[{"id":2353,"href":"https:\/\/dorf-archi.fr\/index.php\/wp-json\/wp\/v2\/pages\/1498\/revisions\/2353"}],"wp:attachment":[{"href":"https:\/\/dorf-archi.fr\/index.php\/wp-json\/wp\/v2\/media?parent=1498"}],"curies":[{"name":"wp","href":"https:\/\/api.w.org\/{rel}","templated":true}]}}